{"id":191,"date":"2022-03-08T20:53:36","date_gmt":"2022-03-08T17:53:36","guid":{"rendered":"https:\/\/mintmaint.com\/?page_id=191"},"modified":"2022-03-14T21:13:13","modified_gmt":"2022-03-14T18:13:13","slug":"hakkimizda","status":"publish","type":"page","link":"https:\/\/mintmaint.com\/en\/hakkimizda\/","title":{"rendered":"About Us"},"content":{"rendered":"<p>[et_pb_section fb_built=&#8221;1&#8243; _builder_version=&#8221;4.14.8&#8243; _module_preset=&#8221;default&#8221; background_color_gradient_start=&#8221;rgba(255,255,255,0)&#8221; background_color_gradient_end=&#8221;rgba(41,196,169,0.7)&#8221; background_image=&#8221;https:\/\/mintmaint.com\/wp-content\/uploads\/2022\/03\/scott-graham-5fNmWej4tAA-unsplash-1.jpg&#8221; background_blend=&#8221;multiply&#8221; custom_padding=&#8221;160px||||false|false&#8221; filter_brightness=&#8221;85%&#8221; filter_contrast=&#8221;139%&#8221; global_colors_info=&#8221;{}&#8221;][et_pb_row _builder_version=&#8221;4.14.8&#8243; _module_preset=&#8221;default&#8221; global_colors_info=&#8221;{}&#8221;][et_pb_column type=&#8221;4_4&#8243; _builder_version=&#8221;4.14.8&#8243; _module_preset=&#8221;default&#8221; global_colors_info=&#8221;{}&#8221;][et_pb_text _builder_version=&#8221;4.14.9&#8243; _module_preset=&#8221;default&#8221; header_text_color=&#8221;#FFFFFF&#8221; header_font_size=&#8221;60px&#8221; custom_padding=&#8221;||||false|false&#8221; hover_enabled=&#8221;0&#8243; global_colors_info=&#8221;{}&#8221; sticky_enabled=&#8221;0&#8243;]<\/p>\n<h1>About Us<\/h1>\n<p>[\/et_pb_text][\/et_pb_column][\/et_pb_row][\/et_pb_section][et_pb_section fb_built=&#8221;1&#8243; _builder_version=&#8221;4.14.8&#8243; _module_preset=&#8221;default&#8221; global_colors_info=&#8221;{}&#8221;][et_pb_row column_structure=&#8221;1_2,1_2&#8243; _builder_version=&#8221;4.14.8&#8243; _module_preset=&#8221;default&#8221; global_colors_info=&#8221;{}&#8221;][et_pb_column type=&#8221;1_2&#8243; _builder_version=&#8221;4.14.8&#8243; _module_preset=&#8221;default&#8221; global_colors_info=&#8221;{}&#8221;][et_pb_text _builder_version=&#8221;4.14.8&#8243; _module_preset=&#8221;default&#8221; global_colors_info=&#8221;{}&#8221;]<\/p>\n<p class=\"translation-block\">Mint is an Engineering and Technology company that combines 20 years of preventive and predictive maintenance experience in the Cement, Mining, Concrete, Port and Energy industries with Industry 4.0 infrastructure, trained personnel experience, machine learning and artificial intelligence technologies.<\/p>\n<p><span style=\"font-weight: 400;\">Combining its industry experience and solid technology infrastructure, it establishes a maintenance model that can be applied all over the world, is easy to install, easy to understand, easy to manage, and ultimately reduces maintenance costs by reducing downtime of critical production equipment, increases productivity, and produces visible benefits for businesses.<\/span><\/p>\n<p><span style=\"font-weight: 400;\">Knowing the needs of the teams working in the field, it has established an end-to-end service model and thus, it has created a maintenance structure that proceeds on the same boat with you, 24\/7 from installation to solution.<\/span><\/p>\n<p>&nbsp;<\/p>\n<p>&nbsp;<\/p>\n<p>[\/et_pb_text][\/et_pb_column][et_pb_column type=&#8221;1_2&#8243; _builder_version=&#8221;4.14.8&#8243; _module_preset=&#8221;default&#8221; global_colors_info=&#8221;{}&#8221;][et_pb_text _builder_version=&#8221;4.14.8&#8243; _module_preset=&#8221;default&#8221; min_height=&#8221;43px&#8221; custom_margin=&#8221;||12px|||&#8221; custom_padding=&#8221;0px|114px|0px|||&#8221; global_colors_info=&#8221;{}&#8221;]<\/p>\n<h3>\u00a0Business Partners<\/h3>\n<p>[\/et_pb_text][et_pb_image src=&#8221;https:\/\/mintmaint.com\/wp-content\/uploads\/2022\/03\/idamobile-logo@3x.png&#8221; title_text=&#8221;idamobile-logo@3x&#8221; _builder_version=&#8221;4.14.8&#8243; _module_preset=&#8221;default&#8221; max_width=&#8221;400px&#8221; custom_margin=&#8221;-24px||50px|||&#8221; custom_padding=&#8221;15px|233px|9px|1px||&#8221; global_colors_info=&#8221;{}&#8221;][\/et_pb_image][\/et_pb_column][\/et_pb_row][\/et_pb_section][et_pb_section fb_built=&#8221;1&#8243; admin_label=&#8221;Header&#8221; _builder_version=&#8221;4.14.8&#8243; use_background_color_gradient=&#8221;on&#8221; background_color_gradient_start=&#8221;rgba(255,255,255,0)&#8221; background_color_gradient_end=&#8221;#ffffff&#8221; background_color_gradient_direction=&#8221;360deg&#8221; background_color_gradient_start_position=&#8221;70%&#8221; background_color_gradient_overlays_image=&#8221;on&#8221; background_image=&#8221;https:\/\/mintmaint.com\/wp-content\/uploads\/2022\/02\/mint-bg-scaled.jpg&#8221; background_position=&#8221;bottom_center&#8221; custom_padding=&#8221;0px||0px||false|false&#8221; animation_style=&#8221;slide&#8221; animation_direction=&#8221;top&#8221; animation_intensity_slide=&#8221;2%&#8221; animation_starting_opacity=&#8221;100%&#8221; saved_tabs=&#8221;all&#8221; global_colors_info=&#8221;{}&#8221; global_module=&#8221;66&#8243; theme_builder_area=&#8221;post_content&#8221;][et_pb_row _builder_version=&#8221;4.14.7&#8243; global_colors_info=&#8221;{}&#8221; theme_builder_area=&#8221;post_content&#8221;][et_pb_column type=&#8221;4_4&#8243; _builder_version=&#8221;4.14.7&#8243; custom_padding=&#8221;60px|||&#8221; custom_padding_tablet=&#8221;0px|||&#8221; custom_padding_phone=&#8221;0px|||&#8221; custom_padding_last_edited=&#8221;on|tablet&#8221; global_colors_info=&#8221;{}&#8221; padding_tablet=&#8221;0px|||&#8221; padding_last_edited=&#8221;on|tablet&#8221; custom_padding__hover=&#8221;|||&#8221; padding_phone=&#8221;0px|||&#8221; theme_builder_area=&#8221;post_content&#8221;][et_pb_blurb title=&#8221;   Maintenance Intelligence &#038; Technology Solutions Partner&#8221; image=&#8221;https:\/\/mintmaint.com\/wp-content\/uploads\/2022\/02\/mint-logo.svg&#8221; image_icon_width=&#8221;101%&#8221; content_max_width=&#8221;545px&#8221; _builder_version=&#8221;4.14.8&#8243; _module_preset=&#8221;default&#8221; custom_margin=&#8221;142px|||||&#8221; global_colors_info=&#8221;{}&#8221; theme_builder_area=&#8221;post_content&#8221;][\/et_pb_blurb][et_pb_menu menu_style=&#8221;centered&#8221; active_link_color=&#8221;gcid-a3dd1cfd-85c2-4b89-9cf6-c613da3f96b1&#8243; dropdown_menu_bg_color=&#8221;gcid-a3dd1cfd-85c2-4b89-9cf6-c613da3f96b1&#8243; _builder_version=&#8221;4.14.8&#8243; _module_preset=&#8221;default&#8221; menu_text_color=&#8221;gcid-a3dd1cfd-85c2-4b89-9cf6-c613da3f96b1&#8243; background_color=&#8221;RGBA(255,255,255,0)&#8221; global_colors_info=&#8221;{%22gcid-a3dd1cfd-85c2-4b89-9cf6-c613da3f96b1%22:%91%22active_link_color%22,%22dropdown_menu_bg_color%22,%22menu_text_color%22%93}&#8221; theme_builder_area=&#8221;post_content&#8221;][\/et_pb_menu][et_pb_text _builder_version=&#8221;4.14.8&#8243; _module_preset=&#8221;default&#8221; text_font_size=&#8221;12px&#8221; text_orientation=&#8221;center&#8221; global_colors_info=&#8221;{}&#8221; theme_builder_area=&#8221;post_content&#8221;]<\/p>\n<p>Mint Teknoloji M\u00fchendislik Bak\u0131m ve Dan\u0131\u015fmanl\u0131k A.\u015e. \u00a9 2022. T\u00fcm haklar\u0131 sakl\u0131d\u0131r.<\/p>\n<p>[\/et_pb_text][\/et_pb_column][\/et_pb_row][\/et_pb_section]<\/p>","protected":false},"excerpt":{"rendered":"<p>Hakk\u0131m\u0131zdaMint, \u00c7imento, Maden, Beton, Liman, Enerji sekt\u00f6rlerinde 20 y\u0131ll\u0131k koruyucu ve kestirimci bak\u0131m tecr\u00fcbesini, End\u00fcstri 4.0 altyap\u0131s\u0131n\u0131, yeti\u015fmi\u015f personel deneyimini, makine \u00f6\u011frenmesi ve yapay zeka teknolojileri ile birle\u015ftirip hizmetinize sunan bir M\u00fchendislik ve Teknoloji \u015firketidir. Sahip oldu\u011fu sanayi tecr\u00fcbesi ve sa\u011flam teknoloji altyap\u0131s\u0131n\u0131 birle\u015ftirerek t\u00fcm d\u00fcnyada uygulanabilir, kolay kurulan, kolay anla\u015f\u0131lan, kolay y\u00f6netilen ve sonu\u00e7ta [&hellip;]<\/p>","protected":false},"author":1,"featured_media":0,"parent":0,"menu_order":0,"comment_status":"closed","ping_status":"closed","template":"","meta":{"_et_pb_use_builder":"on","_et_pb_old_content":"","_et_gb_content_width":"","footnotes":""},"class_list":["post-191","page","type-page","status-publish","hentry"],"_links":{"self":[{"href":"https:\/\/mintmaint.com\/en\/wp-json\/wp\/v2\/pages\/191","targetHints":{"allow":["GET"]}}],"collection":[{"href":"https:\/\/mintmaint.com\/en\/wp-json\/wp\/v2\/pages"}],"about":[{"href":"https:\/\/mintmaint.com\/en\/wp-json\/wp\/v2\/types\/page"}],"author":[{"embeddable":true,"href":"https:\/\/mintmaint.com\/en\/wp-json\/wp\/v2\/users\/1"}],"replies":[{"embeddable":true,"href":"https:\/\/mintmaint.com\/en\/wp-json\/wp\/v2\/comments?post=191"}],"version-history":[{"count":11,"href":"https:\/\/mintmaint.com\/en\/wp-json\/wp\/v2\/pages\/191\/revisions"}],"predecessor-version":[{"id":333,"href":"https:\/\/mintmaint.com\/en\/wp-json\/wp\/v2\/pages\/191\/revisions\/333"}],"wp:attachment":[{"href":"https:\/\/mintmaint.com\/en\/wp-json\/wp\/v2\/media?parent=191"}],"curies":[{"name":"wp","href":"https:\/\/api.w.org\/{rel}","templated":true}]}}