{"id":199,"date":"2022-03-08T21:22:27","date_gmt":"2022-03-08T18:22:27","guid":{"rendered":"https:\/\/mintmaint.com\/?page_id=199"},"modified":"2022-03-14T21:31:27","modified_gmt":"2022-03-14T18:31:27","slug":"cozumlerimiz","status":"publish","type":"page","link":"https:\/\/mintmaint.com\/en\/cozumlerimiz\/","title":{"rendered":"Our Solutions"},"content":{"rendered":"<p>[et_pb_section fb_built=&#8221;1&#8243; _builder_version=&#8221;4.14.8&#8243; _module_preset=&#8221;default&#8221; background_color_gradient_start=&#8221;#ffffff&#8221; background_color_gradient_end=&#8221;rgba(41,196,169,0.7)&#8221; background_image=&#8221;https:\/\/mintmaint.com\/wp-content\/uploads\/2022\/03\/sigmund-B-x4VaIriRc-unsplash.jpg&#8221; background_blend=&#8221;multiply&#8221; custom_padding=&#8221;160px||||false|false&#8221; global_colors_info=&#8221;{}&#8221;][et_pb_row _builder_version=&#8221;4.14.8&#8243; _module_preset=&#8221;default&#8221; global_colors_info=&#8221;{}&#8221;][et_pb_column type=&#8221;4_4&#8243; _builder_version=&#8221;4.14.8&#8243; _module_preset=&#8221;default&#8221; global_colors_info=&#8221;{}&#8221;][et_pb_text _builder_version=&#8221;4.14.9&#8243; _module_preset=&#8221;default&#8221; header_text_color=&#8221;#FFFFFF&#8221; header_font_size=&#8221;60px&#8221; custom_padding=&#8221;||||false|false&#8221; hover_enabled=&#8221;0&#8243; global_colors_info=&#8221;{}&#8221; sticky_enabled=&#8221;0&#8243;]<\/p>\n<h1>Our Solutions<\/h1>\n<p>[\/et_pb_text][\/et_pb_column][\/et_pb_row][\/et_pb_section][et_pb_section fb_built=&#8221;1&#8243; _builder_version=&#8221;4.14.8&#8243; _module_preset=&#8221;default&#8221; global_colors_info=&#8221;{}&#8221;][et_pb_row _builder_version=&#8221;4.14.8&#8243; _module_preset=&#8221;default&#8221; global_colors_info=&#8221;{}&#8221;][et_pb_column type=&#8221;4_4&#8243; _builder_version=&#8221;4.14.8&#8243; _module_preset=&#8221;default&#8221; global_colors_info=&#8221;{}&#8221;][et_pb_blurb title=&#8221;IoT Durum Bazl\u0131 Tesis \u0130zleme&#8221; image=&#8221;https:\/\/mintmaint.com\/wp-content\/uploads\/2022\/03\/mint-iot.svg&#8221; icon_placement=&#8221;left&#8221; image_icon_width=&#8221;128px&#8221; content_max_width=&#8221;960px&#8221; _builder_version=&#8221;4.14.8&#8243; _module_preset=&#8221;default&#8221; image_icon_custom_margin=&#8221;|10px|||false|false&#8221; image_icon_custom_padding=&#8221;|20px|||false|false&#8221; border_color_top_image=&#8221;#E09900&#8243; border_width_right_image=&#8221;2px&#8221; border_color_right_image=&#8221;#ededed&#8221; global_colors_info=&#8221;{}&#8221;]<\/p>\n<p><span style=\"font-weight: 400;\">You can plan your maintenance in advance by keeping the critical machines in your facilities under monitoring with the 24\/7 Mint online monitoring center and notifying them early before the machine breaks down and takes you to a production stop. With the established work order system, you can monitor the system step by step until the malfunction of the machine is resolved. You can compare the performance of your facilities between each other, you can compare the efficiency between teams. From day one, you will witness how Mint protects your machines.<\/span><\/p>\n<p>[\/et_pb_blurb][et_pb_blurb title=&#8221;D\u00f6ner Ekipman Performans Durum De\u011ferlendirmesi&#8221; image=&#8221;https:\/\/mintmaint.com\/wp-content\/uploads\/2022\/03\/mint-donerekipman.svg&#8221; icon_placement=&#8221;left&#8221; image_icon_width=&#8221;128px&#8221; content_max_width=&#8221;960px&#8221; _builder_version=&#8221;4.14.8&#8243; _module_preset=&#8221;default&#8221; image_icon_custom_margin=&#8221;|10px|||false|false&#8221; image_icon_custom_padding=&#8221;|20px|||false|false&#8221; border_color_top_image=&#8221;#E09900&#8243; border_width_right_image=&#8221;2px&#8221; border_color_right_image=&#8221;#ededed&#8221; global_colors_info=&#8221;{}&#8221;]<\/p>\n<p><span style=\"font-weight: 400;\">Wouldn't you like to know the working performance of your critical machines in your facility, which are of high importance and whose stoppage can cause high costs? Does the machine work efficiently? Is it working normally? Is there a malfunction that could cause an unexpected stop? What are the Major and Minor issues? You will answer many questions about your machine, such as, evaluate the status of your equipment with detailed reports to be submitted as a result of a detailed examination by the maintenance personnel who are experts in their fields.<\/span><\/p>\n<p>[\/et_pb_blurb][et_pb_blurb title=&#8221;Varl\u0131k Y\u00f6netimi Sistemi Kurulmas\u0131&#8221; image=&#8221;https:\/\/mintmaint.com\/wp-content\/uploads\/2022\/03\/mint-varlik.svg&#8221; icon_placement=&#8221;left&#8221; image_icon_width=&#8221;128px&#8221; content_max_width=&#8221;960px&#8221; _builder_version=&#8221;4.14.8&#8243; _module_preset=&#8221;default&#8221; image_icon_custom_margin=&#8221;|10px|||false|false&#8221; image_icon_custom_padding=&#8221;|20px|||false|false&#8221; border_color_top_image=&#8221;#E09900&#8243; border_width_right_image=&#8221;2px&#8221; border_color_right_image=&#8221;#ededed&#8221; global_colors_info=&#8221;{}&#8221;]<\/p>\n<p><span style=\"font-weight: 400;\">By recording the assets in your facility and including them in the maintenance system, spare parts, stock management, min-max requirements, cost calculations and many similar inventory movements will be tracked, minimizing spare parts and stock costs without interrupting your work, and ensuring the traceability of your assets and inventories.<\/span><\/p>\n<p>[\/et_pb_blurb][et_pb_blurb title=&#8221;Koruyucu Bak\u0131m Sistemi Kurulmas\u0131&#8221; image=&#8221;https:\/\/mintmaint.com\/wp-content\/uploads\/2022\/03\/mint-koruyucubakim.svg&#8221; icon_placement=&#8221;left&#8221; image_icon_width=&#8221;128px&#8221; content_max_width=&#8221;960px&#8221; _builder_version=&#8221;4.14.8&#8243; _module_preset=&#8221;default&#8221; image_icon_custom_margin=&#8221;|10px|||false|false&#8221; image_icon_custom_padding=&#8221;|20px|||false|false&#8221; border_color_top_image=&#8221;#E09900&#8243; border_width_right_image=&#8221;2px&#8221; border_color_right_image=&#8221;#ededed&#8221; global_colors_info=&#8221;{}&#8221;]<\/p>\n<p><span style=\"font-weight: 400;\">Production, maintenance, quality control, sales, marketing etc. in your facilities. It is to make your planned works measurable and manageable by establishing a periodic or non-periodic Service, Control, Lubrication, Cleaning work order system that all your departments may need. Mint; It makes your work and workforce measurable and manageable by detecting preventive, predictive and planned maintenance activities in your business.<\/span><\/p>\n<p>[\/et_pb_blurb][et_pb_blurb title=&#8221;Tesis Bak\u0131m Sistemi Raporlamas\u0131&#8221; image=&#8221;https:\/\/mintmaint.com\/wp-content\/uploads\/2022\/03\/mint-tesisbakim.svg&#8221; icon_placement=&#8221;left&#8221; image_icon_width=&#8221;128px&#8221; content_max_width=&#8221;960px&#8221; _builder_version=&#8221;4.14.8&#8243; _module_preset=&#8221;default&#8221; image_icon_custom_margin=&#8221;|10px|||false|false&#8221; image_icon_custom_padding=&#8221;|20px|||false|false&#8221; border_color_top_image=&#8221;#E09900&#8243; border_width_right_image=&#8221;2px&#8221; border_color_right_image=&#8221;#ededed&#8221; global_colors_info=&#8221;{}&#8221;]<\/p>\n<p><span style=\"font-weight: 400;\">Mint examines the performance of the existing maintenance management system in your facility as a third eye, identifies the factors that reduce efficiency and performance in the operating steps of the system, and contributes to the more efficient operation of your business by reporting the solutions and actions that can be taken.<\/span><\/p>\n<p>[\/et_pb_blurb][et_pb_blurb title=&#8221;Bak\u0131m Servis Hizmetleri (Kaplin ayar\u0131, Balans alma, Fener-Pinyon di\u015fli ayarlar\u0131)&#8221; image=&#8221;https:\/\/mintmaint.com\/wp-content\/uploads\/2022\/03\/mint-bakimservis.svg&#8221; icon_placement=&#8221;left&#8221; image_icon_width=&#8221;128px&#8221; content_max_width=&#8221;960px&#8221; _builder_version=&#8221;4.14.8&#8243; _module_preset=&#8221;default&#8221; image_icon_custom_margin=&#8221;|10px|||false|false&#8221; image_icon_custom_padding=&#8221;|20px|||false|false&#8221; border_color_top_image=&#8221;#E09900&#8243; border_width_right_image=&#8221;2px&#8221; border_color_right_image=&#8221;#ededed&#8221; global_colors_info=&#8221;{}&#8221;]<\/p>\n<p><span style=\"font-weight: 400;\">Mint; It supports your maintenance as both a supervisor and a service team in operations that require professionalism such as professional Coupling adjustment (Axis adjustment), Balancing, Girth-Pinion gear adjustment, Central Lubrication Controls, Gear grinding etc. that your critical machines will need.<\/span><\/p>\n<p>[\/et_pb_blurb][\/et_pb_column][\/et_pb_row][\/et_pb_section][et_pb_section fb_built=&#8221;1&#8243; admin_label=&#8221;Header&#8221; _builder_version=&#8221;4.14.8&#8243; use_background_color_gradient=&#8221;on&#8221; background_color_gradient_start=&#8221;rgba(255,255,255,0)&#8221; background_color_gradient_end=&#8221;#ffffff&#8221; background_color_gradient_direction=&#8221;360deg&#8221; background_color_gradient_start_position=&#8221;70%&#8221; background_color_gradient_overlays_image=&#8221;on&#8221; background_image=&#8221;https:\/\/mintmaint.com\/wp-content\/uploads\/2022\/02\/mint-bg-scaled.jpg&#8221; background_position=&#8221;bottom_center&#8221; custom_padding=&#8221;0px||0px||false|false&#8221; animation_style=&#8221;slide&#8221; animation_direction=&#8221;top&#8221; animation_intensity_slide=&#8221;2%&#8221; animation_starting_opacity=&#8221;100%&#8221; saved_tabs=&#8221;all&#8221; global_colors_info=&#8221;{}&#8221; global_module=&#8221;66&#8243; theme_builder_area=&#8221;post_content&#8221;][et_pb_row _builder_version=&#8221;4.14.7&#8243; global_colors_info=&#8221;{}&#8221; theme_builder_area=&#8221;post_content&#8221;][et_pb_column type=&#8221;4_4&#8243; _builder_version=&#8221;4.14.7&#8243; custom_padding=&#8221;60px|||&#8221; custom_padding_tablet=&#8221;0px|||&#8221; custom_padding_phone=&#8221;0px|||&#8221; custom_padding_last_edited=&#8221;on|tablet&#8221; global_colors_info=&#8221;{}&#8221; padding_tablet=&#8221;0px|||&#8221; padding_last_edited=&#8221;on|tablet&#8221; custom_padding__hover=&#8221;|||&#8221; padding_phone=&#8221;0px|||&#8221; theme_builder_area=&#8221;post_content&#8221;][et_pb_blurb title=&#8221;   Maintenance Intelligence &#038; Technology Solutions Partner&#8221; image=&#8221;https:\/\/mintmaint.com\/wp-content\/uploads\/2022\/02\/mint-logo.svg&#8221; image_icon_width=&#8221;101%&#8221; content_max_width=&#8221;545px&#8221; _builder_version=&#8221;4.14.8&#8243; _module_preset=&#8221;default&#8221; custom_margin=&#8221;142px|||||&#8221; global_colors_info=&#8221;{}&#8221; theme_builder_area=&#8221;post_content&#8221;][\/et_pb_blurb][et_pb_menu menu_style=&#8221;centered&#8221; active_link_color=&#8221;gcid-a3dd1cfd-85c2-4b89-9cf6-c613da3f96b1&#8243; dropdown_menu_bg_color=&#8221;gcid-a3dd1cfd-85c2-4b89-9cf6-c613da3f96b1&#8243; _builder_version=&#8221;4.14.8&#8243; _module_preset=&#8221;default&#8221; menu_text_color=&#8221;gcid-a3dd1cfd-85c2-4b89-9cf6-c613da3f96b1&#8243; background_color=&#8221;RGBA(255,255,255,0)&#8221; global_colors_info=&#8221;{%22gcid-a3dd1cfd-85c2-4b89-9cf6-c613da3f96b1%22:%91%22active_link_color%22,%22dropdown_menu_bg_color%22,%22menu_text_color%22%93}&#8221; theme_builder_area=&#8221;post_content&#8221;][\/et_pb_menu][et_pb_text _builder_version=&#8221;4.14.8&#8243; _module_preset=&#8221;default&#8221; text_font_size=&#8221;12px&#8221; text_orientation=&#8221;center&#8221; global_colors_info=&#8221;{}&#8221; theme_builder_area=&#8221;post_content&#8221;]<\/p>\n<p>Mint Teknoloji M\u00fchendislik Bak\u0131m ve Dan\u0131\u015fmanl\u0131k A.\u015e. \u00a9 2022. T\u00fcm haklar\u0131 sakl\u0131d\u0131r.<\/p>\n<p>[\/et_pb_text][\/et_pb_column][\/et_pb_row][\/et_pb_section]<\/p>","protected":false},"excerpt":{"rendered":"<p>\u00c7\u00f6z\u00fcmlerimizTesislerinizdeki kritik makineleri 7\/24 Mint online izleme merkezi ile takip alt\u0131nda tutup, Hen\u00fcz makine ar\u0131zalanmadan ve sizi \u00fcretim duru\u015funa g\u00f6t\u00fcrmeden erken ihbar ederek, bak\u0131mlar\u0131n\u0131z\u0131 \u00f6nceden planlayabilirsiniz. Kurulan i\u015f emri sistemi ile makinenin ar\u0131zas\u0131 \u00e7\u00f6z\u00fclene kadar sistemi ad\u0131m ad\u0131m izleyebilirsiniz. Tesislerinizin birbiri aras\u0131ndaki performanslar\u0131 kar\u015f\u0131la\u015ft\u0131rabilir, Ekipler aras\u0131 verimi k\u0131yaslayabilirsiniz. \u0130lk g\u00fcnden itibaren Mint\u2019in makinelerinizi nas\u0131l korudu\u011funa [&hellip;]<\/p>","protected":false},"author":1,"featured_media":0,"parent":0,"menu_order":0,"comment_status":"closed","ping_status":"closed","template":"","meta":{"_et_pb_use_builder":"on","_et_pb_old_content":"","_et_gb_content_width":"","footnotes":""},"class_list":["post-199","page","type-page","status-publish","hentry"],"_links":{"self":[{"href":"https:\/\/mintmaint.com\/en\/wp-json\/wp\/v2\/pages\/199","targetHints":{"allow":["GET"]}}],"collection":[{"href":"https:\/\/mintmaint.com\/en\/wp-json\/wp\/v2\/pages"}],"about":[{"href":"https:\/\/mintmaint.com\/en\/wp-json\/wp\/v2\/types\/page"}],"author":[{"embeddable":true,"href":"https:\/\/mintmaint.com\/en\/wp-json\/wp\/v2\/users\/1"}],"replies":[{"embeddable":true,"href":"https:\/\/mintmaint.com\/en\/wp-json\/wp\/v2\/comments?post=199"}],"version-history":[{"count":9,"href":"https:\/\/mintmaint.com\/en\/wp-json\/wp\/v2\/pages\/199\/revisions"}],"predecessor-version":[{"id":339,"href":"https:\/\/mintmaint.com\/en\/wp-json\/wp\/v2\/pages\/199\/revisions\/339"}],"wp:attachment":[{"href":"https:\/\/mintmaint.com\/en\/wp-json\/wp\/v2\/media?parent=199"}],"curies":[{"name":"wp","href":"https:\/\/api.w.org\/{rel}","templated":true}]}}