{"id":203,"date":"2022-03-08T22:11:23","date_gmt":"2022-03-08T19:11:23","guid":{"rendered":"https:\/\/mintmaint.com\/?page_id=203"},"modified":"2022-03-20T11:52:00","modified_gmt":"2022-03-20T08:52:00","slug":"endustriler","status":"publish","type":"page","link":"https:\/\/mintmaint.com\/en\/endustriler\/","title":{"rendered":"Industries"},"content":{"rendered":"<p>[et_pb_section fb_built=&#8221;1&#8243; _builder_version=&#8221;4.15&#8243; _module_preset=&#8221;default&#8221; background_color_gradient_start=&#8221;rgba(255,255,255,0)&#8221; background_color_gradient_end=&#8221;rgba(41,196,169,0.7)&#8221; background_image=&#8221;https:\/\/mintmaint.com\/wp-content\/uploads\/2022\/03\/laura-ockel-e_hQZ2EM-Qg-unsplash-scaled.jpg&#8221; background_blend=&#8221;multiply&#8221; min_height=&#8221;249px&#8221; custom_padding=&#8221;160px||||false|false&#8221; saved_tabs=&#8221;all&#8221; global_colors_info=&#8221;{}&#8221;][et_pb_row _builder_version=&#8221;4.15&#8243; _module_preset=&#8221;default&#8221; custom_padding=&#8221;||0px||false|false&#8221; global_colors_info=&#8221;{}&#8221;][et_pb_column type=&#8221;4_4&#8243; _builder_version=&#8221;4.15&#8243; _module_preset=&#8221;default&#8221; global_colors_info=&#8221;{}&#8221;][et_pb_text _builder_version=&#8221;4.15&#8243; _module_preset=&#8221;default&#8221; header_text_color=&#8221;#FFFFFF&#8221; header_font_size=&#8221;60px&#8221; custom_margin=&#8221;||||false|false&#8221; custom_padding=&#8221;||||false|false&#8221; global_colors_info=&#8221;{}&#8221;]<\/p>\n<h1>Industries<\/h1>\n<p>[\/et_pb_text][\/et_pb_column][\/et_pb_row][\/et_pb_section][et_pb_section fb_built=&#8221;1&#8243; _builder_version=&#8221;4.15&#8243; _module_preset=&#8221;default&#8221; global_colors_info=&#8221;{}&#8221;][et_pb_row column_structure=&#8221;1_2,1_2&#8243; _builder_version=&#8221;4.15&#8243; _module_preset=&#8221;default&#8221; global_colors_info=&#8221;{}&#8221;][et_pb_column type=&#8221;1_2&#8243; _builder_version=&#8221;4.15&#8243; _module_preset=&#8221;default&#8221; global_colors_info=&#8221;{}&#8221;][et_pb_blurb title=&#8221;\u00c7imento ve Maden&#8221; image=&#8221;https:\/\/mintmaint.com\/wp-content\/uploads\/2022\/03\/mint-maden.svg&#8221; image_icon_width=&#8221;92px&#8221; icon_alignment=&#8221;left&#8221; content_max_width=&#8221;960px&#8221; _builder_version=&#8221;4.15&#8243; _module_preset=&#8221;default&#8221; image_icon_custom_margin=&#8221;||||false|false&#8221; image_icon_custom_padding=&#8221;||||false|false&#8221; custom_margin=&#8221;||-41px|||&#8221; custom_padding=&#8221;||0px|||&#8221; border_color_top_image=&#8221;RGBA(255,255,255,0)&#8221; border_color_right_image=&#8221;RGBA(255,255,255,0)&#8221; global_colors_info=&#8221;{}&#8221;]<\/p>\n<p><span style=\"font-weight: 400;\">Cement and Mining is one of the industries that have the most difficult working conditions all over the world. The structure of the industry requires a wide working area and large machines, so it becomes difficult to control the unforeseen risks.<\/span><\/p>\n<p><span style=\"font-weight: 400;\">Being able to control temperature, dust, vibration, heavy loads, contamination and high production demands, and correctly planning the maintenance tasks makes the difficult processes from production to sales more efficient. It depends on to avoid costly repairs and downtime due to the failures in the blasting, grinding, cooking, transportation and packaging processes, the reliability of all machines should be high. <br \/><\/span><\/p>\n<p><span style=\"font-size: 14px;\">With Mint's solutions in this industry you can increase production rates and lower maintenance costs.<\/span><\/p>\n<p>&nbsp;<\/p>\n<p>&nbsp;<\/p>\n<p>[\/et_pb_blurb][et_pb_blurb title=&#8221;Liman&#8221; image=&#8221;https:\/\/mintmaint.com\/wp-content\/uploads\/2022\/03\/mint-liman.svg&#8221; image_icon_width=&#8221;92px&#8221; icon_alignment=&#8221;left&#8221; content_max_width=&#8221;960px&#8221; _builder_version=&#8221;4.15&#8243; _module_preset=&#8221;default&#8221; image_icon_custom_margin=&#8221;||||false|false&#8221; image_icon_custom_padding=&#8221;||||false|false&#8221; custom_padding=&#8221;0px|||||&#8221; border_color_top_image=&#8221;RGBA(255,255,255,0)&#8221; border_color_right_image=&#8221;RGBA(255,255,255,0)&#8221; global_colors_info=&#8221;{}&#8221;]<\/p>\n<p><span style=\"font-weight: 400;\">Management is a big difficulty in the port and maritime industry. In addition to challenging demands, limited time loading operations and tough sea conditions, rising costs in all items, increased environmental and safety regulations and lack of technical knowledge, combined with the problems of insufficient personnel, negatively affect operational efficiency and profitability.<\/span><\/p>\n<p><span style=\"font-weight: 400;\">It is a fact that reliable machinery is needed to protect your presence in the port and maritime industry and to take possible risks under control. A safe machine will facilitate your control at all critical points and reduce your maintenance costs. <br \/><\/span><\/p>\n<p><span style=\"font-weight: 400;\">With Mint's solution, you will increase your work efficiency and reduce your security risks.<\/span><\/p>\n<p>[\/et_pb_blurb][et_pb_blurb title=&#8221;Petrol ve Gaz&#8221; image=&#8221;https:\/\/mintmaint.com\/wp-content\/uploads\/2022\/03\/mint-petrol.svg&#8221; image_icon_width=&#8221;92px&#8221; icon_alignment=&#8221;left&#8221; content_max_width=&#8221;960px&#8221; _builder_version=&#8221;4.15&#8243; _module_preset=&#8221;default&#8221; image_icon_custom_margin=&#8221;||||false|false&#8221; image_icon_custom_padding=&#8221;||||false|false&#8221; border_color_top_image=&#8221;RGBA(255,255,255,0)&#8221; border_color_right_image=&#8221;RGBA(255,255,255,0)&#8221; global_colors_info=&#8221;{}&#8221;]<\/p>\n<p><span style=\"font-weight: 400;\">The main focus in all oil and gas production facilities are improving the reliability and operation of rotating equipments . It is predicted that the demand for oil and natural gas will increase by 30% in the next 20 years. It is also known that competition in the industry will increase, legislation and regulations will be rearranged. <br \/><\/span><\/p>\n<p><span style=\"font-weight: 400;\">Businesses in the industry needs accurate foresights, true risk analysis and ensure fast decision mechanisms in order to maintain their assets efficiently. Therefore, increasing overall plant reliability and implementing optimum maintenance plans is an undisputed necessity. It is even more important for businesses that are looking for new production sites and resources to have their existing facilities under control. <br \/><\/span><\/p>\n<p><span style=\"font-weight: 400;\">With Mint's solution in the industry, your machines will become more reliable, your production will increase, your maintenance costs will decrease, employee productivity will increase and security risks will decrease.<\/span><\/p>\n<p>[\/et_pb_blurb][\/et_pb_column][et_pb_column type=&#8221;1_2&#8243; _builder_version=&#8221;4.15&#8243; _module_preset=&#8221;default&#8221; global_colors_info=&#8221;{}&#8221;][et_pb_blurb title=&#8221;Demir-\u00c7elik&#8221; image=&#8221;https:\/\/mintmaint.com\/wp-content\/uploads\/2022\/03\/mint-celik.svg&#8221; image_icon_width=&#8221;92px&#8221; icon_alignment=&#8221;left&#8221; content_max_width=&#8221;960px&#8221; _builder_version=&#8221;4.15&#8243; _module_preset=&#8221;default&#8221; image_icon_custom_margin=&#8221;||||false|false&#8221; image_icon_custom_padding=&#8221;||||false|false&#8221; border_color_top_image=&#8221;RGBA(255,255,255,0)&#8221; border_color_right_image=&#8221;RGBA(255,255,255,0)&#8221; global_colors_info=&#8221;{}&#8221;]<\/p>\n<p><span style=\"font-weight: 400;\">Machines in metal production are generally exposed to high temperatures, heavy shock loads, abrasive dust, aggressive chemicals and high humidity due to the nature of the industry. These harsh operating conditions often lead to equipment breakdowns and unplanned downtime. The reliability of the machines is even more important in order not to fall behind in tough competition conditions, to comply with environmental and health and safety regulations, and to protect employee safety.<\/span><\/p>\n<p><span style=\"font-weight: 400;\">With Mint's solution in the industry, you will have more reliable machines. The efficiency of machines and employees in difficult field conditions increases, safety risks are reduced, and thus your production increases and your maintenance costs decrease.<\/span><\/p>\n<p>[\/et_pb_blurb][et_pb_blurb title=&#8221;R\u00fczgar&#8221; image=&#8221;https:\/\/mintmaint.com\/wp-content\/uploads\/2022\/03\/mint-ruzgar.svg&#8221; image_icon_width=&#8221;92px&#8221; icon_alignment=&#8221;left&#8221; content_max_width=&#8221;960px&#8221; _builder_version=&#8221;4.15&#8243; _module_preset=&#8221;default&#8221; image_icon_custom_margin=&#8221;||||false|false&#8221; image_icon_custom_padding=&#8221;||||false|false&#8221; border_color_top_image=&#8221;RGBA(255,255,255,0)&#8221; border_color_right_image=&#8221;RGBA(255,255,255,0)&#8221; global_colors_info=&#8221;{}&#8221;]<\/p>\n<p><span style=\"font-weight: 400;\">The most important goal in the wind industry is that the turbine plants and related machines should work as uninterruptedly as possible to ensure that the energy provided is efficient. Geographical and meteorological difficulties, high maintenance costs, and spare parts supply and delivery problems are the primary difficulties in achieving this goal.<\/span><\/p>\n<p><span style=\"font-weight: 400;\">While the biggest effort of the energy producing companies are to reduce the cost per MWh, unplanned downtimes and failures increases maintenance costs and can become intolerable.<\/span><\/p>\n<p><span style=\"font-weight: 400;\">With Mint's solution, you provide uninterrupted and efficient energy, and you will not encounter surprise machine breakdowns.<\/span><\/p>\n<p>[\/et_pb_blurb][et_pb_blurb title=&#8221;Ka\u011f\u0131t&#8221; image=&#8221;https:\/\/mintmaint.com\/wp-content\/uploads\/2022\/03\/mint-kagit.svg&#8221; image_icon_width=&#8221;92px&#8221; icon_alignment=&#8221;left&#8221; content_max_width=&#8221;960px&#8221; _builder_version=&#8221;4.15&#8243; _module_preset=&#8221;default&#8221; image_icon_custom_margin=&#8221;||||false|false&#8221; image_icon_custom_padding=&#8221;||||false|false&#8221; border_color_top_image=&#8221;RGBA(255,255,255,0)&#8221; border_color_right_image=&#8221;RGBA(255,255,255,0)&#8221; global_colors_info=&#8221;{}&#8221;]<\/p>\n<p><span style=\"font-weight: 400;\">The paper industry, one of the largest industries in the world, is in a constant and rapid change thanks to environmental policies, globalization and digitalization. Industry-wide changes resulting from these trends, combined with increasing competition and tightening health, safety and environmental regulations, are driving up costs and making it more difficult than ever for manufacturers to stay profitable.\u00a0<\/span><span style=\"font-weight: 400;\">Machine efficiency and availability are key priorities for organizations that want to thrive in an intensely competitive environment. <br \/><\/span><\/p>\n<p><span style=\"font-weight: 400;\">With Mint's solution in the industry will increase the reliability of your machines, both increasing your production and reducing maintenance costs. See how to increase worker productivity and reduce safety risks in difficult field conditions.<\/span><\/p>\n<p>[\/et_pb_blurb][et_pb_blurb title=&#8221;Yiyecek \u0130\u00e7ecek&#8221; image=&#8221;https:\/\/mintmaint.com\/wp-content\/uploads\/2022\/03\/mint-yiyecek.svg&#8221; image_icon_width=&#8221;92px&#8221; icon_alignment=&#8221;left&#8221; content_max_width=&#8221;960px&#8221; _builder_version=&#8221;4.15&#8243; _module_preset=&#8221;default&#8221; image_icon_custom_margin=&#8221;||||false|false&#8221; image_icon_custom_padding=&#8221;||||false|false&#8221; border_color_top_image=&#8221;RGBA(255,255,255,0)&#8221; border_color_right_image=&#8221;RGBA(255,255,255,0)&#8221; global_colors_info=&#8221;{}&#8221;]<\/p>\n<p><span style=\"font-weight: 400;\">Under constant pressure to optimize production, reduce costs, and comply with strict health, safety and environmental regulations, food and beverage manufacturers and OEMs choose Mint to meet these business challenges. <br \/><\/span><\/p>\n<p><span style=\"font-weight: 400;\">With Mint's solution in the industry, your machines will become more reliable, your production will increase, your maintenance costs will decrease, employee productivity will increase and security risks will decrease<\/span><span style=\"font-size: 14px;\">.<\/span><\/p>\n<p>&nbsp;<\/p>\n<p>[\/et_pb_blurb][\/et_pb_column][\/et_pb_row][\/et_pb_section][et_pb_section fb_built=&#8221;1&#8243; admin_label=&#8221;Header&#8221; _builder_version=&#8221;4.14.8&#8243; use_background_color_gradient=&#8221;on&#8221; background_color_gradient_start=&#8221;rgba(255,255,255,0)&#8221; background_color_gradient_end=&#8221;#ffffff&#8221; background_color_gradient_direction=&#8221;360deg&#8221; background_color_gradient_start_position=&#8221;70%&#8221; background_color_gradient_overlays_image=&#8221;on&#8221; background_image=&#8221;https:\/\/mintmaint.com\/wp-content\/uploads\/2022\/02\/mint-bg-scaled.jpg&#8221; background_position=&#8221;bottom_center&#8221; custom_padding=&#8221;0px||0px||false|false&#8221; animation_style=&#8221;slide&#8221; animation_direction=&#8221;top&#8221; animation_intensity_slide=&#8221;2%&#8221; animation_starting_opacity=&#8221;100%&#8221; global_module=&#8221;66&#8243; saved_tabs=&#8221;all&#8221; global_colors_info=&#8221;{}&#8221;][et_pb_row _builder_version=&#8221;4.15&#8243; global_colors_info=&#8221;{}&#8221;][et_pb_column type=&#8221;4_4&#8243; _builder_version=&#8221;4.15&#8243; custom_padding=&#8221;60px|||&#8221; custom_padding_tablet=&#8221;0px|||&#8221; custom_padding_phone=&#8221;0px|||&#8221; custom_padding_last_edited=&#8221;on|tablet&#8221; global_colors_info=&#8221;{}&#8221; padding_tablet=&#8221;0px|||&#8221; padding_last_edited=&#8221;on|tablet&#8221; custom_padding__hover=&#8221;|||&#8221; padding_phone=&#8221;0px|||&#8221;][et_pb_blurb title=&#8221;   Maintenance Intelligence &#038; Technology Solutions Partner&#8221; image=&#8221;https:\/\/mintmaint.com\/wp-content\/uploads\/2022\/02\/mint-logo.svg&#8221; image_icon_width=&#8221;101%&#8221; content_max_width=&#8221;545px&#8221; _builder_version=&#8221;4.15&#8243; _module_preset=&#8221;default&#8221; custom_margin=&#8221;13px|||||&#8221; global_colors_info=&#8221;{}&#8221;][\/et_pb_blurb][et_pb_menu menu_style=&#8221;centered&#8221; active_link_color=&#8221;gcid-a3dd1cfd-85c2-4b89-9cf6-c613da3f96b1&#8243; dropdown_menu_bg_color=&#8221;gcid-a3dd1cfd-85c2-4b89-9cf6-c613da3f96b1&#8243; _builder_version=&#8221;4.15&#8243; _module_preset=&#8221;default&#8221; menu_text_color=&#8221;gcid-a3dd1cfd-85c2-4b89-9cf6-c613da3f96b1&#8243; background_color=&#8221;RGBA(255,255,255,0)&#8221; global_colors_info=&#8221;{%22gcid-a3dd1cfd-85c2-4b89-9cf6-c613da3f96b1%22:%91%22active_link_color%22,%22dropdown_menu_bg_color%22,%22menu_text_color%22%93}&#8221;][\/et_pb_menu][et_pb_text _builder_version=&#8221;4.15&#8243; _module_preset=&#8221;default&#8221; text_font_size=&#8221;12px&#8221; text_orientation=&#8221;center&#8221; global_colors_info=&#8221;{}&#8221;]<\/p>\n<p>Mint Teknoloji M\u00fchendislik Bak\u0131m ve Dan\u0131\u015fmanl\u0131k A.\u015e. \u00a9 2022. T\u00fcm haklar\u0131 sakl\u0131d\u0131r.<\/p>\n<p>[\/et_pb_text][\/et_pb_column][\/et_pb_row][\/et_pb_section]<\/p>","protected":false},"excerpt":{"rendered":"<p>End\u00fcstrilerT\u00fcm d\u00fcnyada en zor \u00e7al\u0131\u015fma \u015fartlar\u0131na sahip olan sekt\u00f6rlerden biri \u00c7imento ve Madenciliktir. Sekt\u00f6r\u00fcn yap\u0131s\u0131 geni\u015f \u00e7al\u0131\u015fma sahas\u0131 ve b\u00fcy\u00fck makineleri gerektirir, bu sebeple de hesapta olmayan riskleri kontrol alt\u0131na almak zorla\u015f\u0131r. S\u0131cakl\u0131k, toz, titre\u015fim, a\u011f\u0131r y\u00fckler, kontaminasyon ve y\u00fcksek \u00fcretim taleplerini kontrol alt\u0131na alabilmek, k\u00fc\u00e7\u00fck ve b\u00fcy\u00fck revizyonlardaki bak\u0131mlar\u0131 do\u011fru \u015fekilde planlamak,\u00a0 \u00fcretimden sat\u0131\u015fa [&hellip;]<\/p>","protected":false},"author":1,"featured_media":0,"parent":0,"menu_order":0,"comment_status":"closed","ping_status":"closed","template":"","meta":{"_et_pb_use_builder":"on","_et_pb_old_content":"","_et_gb_content_width":"","footnotes":""},"class_list":["post-203","page","type-page","status-publish","hentry"],"_links":{"self":[{"href":"https:\/\/mintmaint.com\/en\/wp-json\/wp\/v2\/pages\/203","targetHints":{"allow":["GET"]}}],"collection":[{"href":"https:\/\/mintmaint.com\/en\/wp-json\/wp\/v2\/pages"}],"about":[{"href":"https:\/\/mintmaint.com\/en\/wp-json\/wp\/v2\/types\/page"}],"author":[{"embeddable":true,"href":"https:\/\/mintmaint.com\/en\/wp-json\/wp\/v2\/users\/1"}],"replies":[{"embeddable":true,"href":"https:\/\/mintmaint.com\/en\/wp-json\/wp\/v2\/comments?post=203"}],"version-history":[{"count":15,"href":"https:\/\/mintmaint.com\/en\/wp-json\/wp\/v2\/pages\/203\/revisions"}],"predecessor-version":[{"id":394,"href":"https:\/\/mintmaint.com\/en\/wp-json\/wp\/v2\/pages\/203\/revisions\/394"}],"wp:attachment":[{"href":"https:\/\/mintmaint.com\/en\/wp-json\/wp\/v2\/media?parent=203"}],"curies":[{"name":"wp","href":"https:\/\/api.w.org\/{rel}","templated":true}]}}